{"id":957,"date":"2023-05-17T16:04:09","date_gmt":"2023-05-17T14:04:09","guid":{"rendered":"http:\/\/licencemicrosoft.fr\/?page_id=957"},"modified":"2023-05-17T16:07:21","modified_gmt":"2023-05-17T14:07:21","slug":"article-licence-perpetuelle","status":"publish","type":"page","link":"https:\/\/licencemicrosoft.fr\/index.php\/article-licence-perpetuelle\/","title":{"rendered":"Article &#8211; Licence Perpetuelle"},"content":{"rendered":"\t\t<div data-elementor-type=\"wp-page\" data-elementor-id=\"957\" class=\"elementor elementor-957\">\n\t\t\t\t\t\t\t\t\t<section class=\"elementor-section elementor-top-section elementor-element elementor-element-dc0d9f2 elementor-section-boxed elementor-section-height-default elementor-section-height-default\" data-id=\"dc0d9f2\" data-element_type=\"section\">\n\t\t\t\t\t\t<div class=\"elementor-container elementor-column-gap-default\">\n\t\t\t\t\t<div class=\"elementor-column elementor-col-100 elementor-top-column elementor-element elementor-element-2d4cbd3\" data-id=\"2d4cbd3\" data-element_type=\"column\">\n\t\t\t<div class=\"elementor-widget-wrap elementor-element-populated\">\n\t\t\t\t\t\t\t\t\t<\/div>\n\t\t<\/div>\n\t\t\t\t\t\t\t<\/div>\n\t\t<\/section>\n\t\t\t\t<section class=\"elementor-section elementor-top-section elementor-element elementor-element-297d956 elementor-section-boxed elementor-section-height-default elementor-section-height-default\" data-id=\"297d956\" data-element_type=\"section\" data-settings=\"{&quot;background_background&quot;:&quot;classic&quot;}\">\n\t\t\t\t\t\t<div class=\"elementor-container elementor-column-gap-default\">\n\t\t\t\t\t<div class=\"elementor-column elementor-col-100 elementor-top-column elementor-element elementor-element-7bf1924a\" data-id=\"7bf1924a\" data-element_type=\"column\">\n\t\t\t<div class=\"elementor-widget-wrap elementor-element-populated\">\n\t\t\t\t\t\t\t\t<section class=\"elementor-section elementor-inner-section elementor-element elementor-element-225e78b1 elementor-section-boxed elementor-section-height-default elementor-section-height-default\" data-id=\"225e78b1\" data-element_type=\"section\">\n\t\t\t\t\t\t<div class=\"elementor-container elementor-column-gap-default\">\n\t\t\t\t\t<div class=\"elementor-column elementor-col-100 elementor-inner-column elementor-element elementor-element-41aea260\" data-id=\"41aea260\" data-element_type=\"column\">\n\t\t\t<div class=\"elementor-widget-wrap elementor-element-populated\">\n\t\t\t\t\t\t\t\t<div class=\"elementor-element elementor-element-22b2b72 elementor-widget-mobile__width-initial elementor-invisible elementor-widget elementor-widget-heading\" data-id=\"22b2b72\" data-element_type=\"widget\" data-settings=\"{&quot;_animation&quot;:&quot;fadeInUp&quot;}\" data-widget_type=\"heading.default\">\n\t\t\t\t<div class=\"elementor-widget-container\">\n\t\t\t<style>\/*! elementor - v3.13.1 - 09-05-2023 *\/\n.elementor-heading-title{padding:0;margin:0;line-height:1}.elementor-widget-heading .elementor-heading-title[class*=elementor-size-]>a{color:inherit;font-size:inherit;line-height:inherit}.elementor-widget-heading .elementor-heading-title.elementor-size-small{font-size:15px}.elementor-widget-heading .elementor-heading-title.elementor-size-medium{font-size:19px}.elementor-widget-heading .elementor-heading-title.elementor-size-large{font-size:29px}.elementor-widget-heading .elementor-heading-title.elementor-size-xl{font-size:39px}.elementor-widget-heading .elementor-heading-title.elementor-size-xxl{font-size:59px}<\/style><h2 class=\"elementor-heading-title elementor-size-default\">Licence perpetuelle<\/h2>\t\t<\/div>\n\t\t\t\t<\/div>\n\t\t\t\t<div class=\"elementor-element elementor-element-e543551 elementor-widget elementor-widget-text-editor\" data-id=\"e543551\" data-element_type=\"widget\" data-widget_type=\"text-editor.default\">\n\t\t\t\t<div class=\"elementor-widget-container\">\n\t\t\t<style>\/*! elementor - v3.13.1 - 09-05-2023 *\/\n.elementor-widget-text-editor.elementor-drop-cap-view-stacked .elementor-drop-cap{background-color:#69727d;color:#fff}.elementor-widget-text-editor.elementor-drop-cap-view-framed .elementor-drop-cap{color:#69727d;border:3px solid;background-color:transparent}.elementor-widget-text-editor:not(.elementor-drop-cap-view-default) .elementor-drop-cap{margin-top:8px}.elementor-widget-text-editor:not(.elementor-drop-cap-view-default) .elementor-drop-cap-letter{width:1em;height:1em}.elementor-widget-text-editor .elementor-drop-cap{float:left;text-align:center;line-height:1;font-size:50px}.elementor-widget-text-editor .elementor-drop-cap-letter{display:inline-block}<\/style>\t\t\t\t<p><span style=\"font-weight: 400;\">Pendant une longue p\u00e9riode, les entreprises, les particuliers et les \u00e9tablissements scolaires \u00e9taient contraints d&#8217;acqu\u00e9rir physiquement des logiciels aupr\u00e8s de divers fabricants. Parmi eux, Microsoft s&#8217;est impos\u00e9 comme une r\u00e9f\u00e9rence incontournable avec son syst\u00e8me d&#8217;exploitation Windows et ses solutions bureautiques telles qu&#8217;Excel.<\/span><\/p><p><span style=\"font-weight: 400;\">Ces applications, telles qu&#8217;Office, sont devenues rapidement indispensables pour de nombreux utilisateurs, qu&#8217;ils soient professionnels ou particuliers. Cependant, avec les supports physiques, les utilisateurs ne pouvaient pas b\u00e9n\u00e9ficier de mises \u00e0 jour pour leurs outils. Ils devaient donc acheter de nouveaux logiciels chaque ann\u00e9e s&#8217;ils souhaitaient profiter des derni\u00e8res fonctionnalit\u00e9s propos\u00e9es par les fabricants. De plus, pour les organisations utilisant plusieurs postes de travail et \u00e9changeant avec d&#8217;autres entit\u00e9s, cela posait souvent des probl\u00e8mes de compatibilit\u00e9. L&#8217;achat de licences Microsoft pour les ordinateurs et autres dispositifs personnels a permis d&#8217;am\u00e9liorer la fluidit\u00e9 des processus d&#8217;\u00e9change de donn\u00e9es.<\/span><\/p><p><span style=\"font-weight: 400;\">Heureusement, Microsoft a r\u00e9solu ce probl\u00e8me en introduisant le concept de licences. Au fil des ann\u00e9es, les licences perp\u00e9tuelles et les licences d&#8217;abonnement ont connu un d\u00e9veloppement impressionnant, rendant les autres modes d&#8217;utilisation des applications obsol\u00e8tes.<\/span><\/p>\t\t\t\t\t\t<\/div>\n\t\t\t\t<\/div>\n\t\t\t\t<div class=\"elementor-element elementor-element-0c89955 elementor-widget elementor-widget-heading\" data-id=\"0c89955\" data-element_type=\"widget\" data-widget_type=\"heading.default\">\n\t\t\t\t<div class=\"elementor-widget-container\">\n\t\t\t<h3 class=\"elementor-heading-title elementor-size-default\">Quelles sont les distinctions entre une licence perp\u00e9tuelle et une licence d'abonnement ?<\/h3>\t\t<\/div>\n\t\t\t\t<\/div>\n\t\t\t\t\t<\/div>\n\t\t<\/div>\n\t\t\t\t\t\t\t<\/div>\n\t\t<\/section>\n\t\t\t\t<div class=\"elementor-element elementor-element-f3789da elementor-widget elementor-widget-text-editor\" data-id=\"f3789da\" data-element_type=\"widget\" data-widget_type=\"text-editor.default\">\n\t\t\t\t<div class=\"elementor-widget-container\">\n\t\t\t\t\t\t\t<p><span style=\"font-weight: 400;\">Il existe actuellement deux types de solutions : la licence perp\u00e9tuelle et la licence d&#8217;abonnement, et il est essentiel de bien comprendre les diff\u00e9rences entre les deux. Les utilisateurs doivent conna\u00eetre les modes de fonctionnement correspondant \u00e0 ces solutions avant de faire un choix. Certains utilisateurs peuvent effectuer un test crucial pour d\u00e9terminer laquelle de ces offres convient le mieux \u00e0 leurs besoins en mati\u00e8re de bureautique.<\/span><\/p><p><span style=\"font-weight: 400;\">Une licence perp\u00e9tuelle peut \u00eatre d\u00e9finie par son absence de limite. Concr\u00e8tement, cela ressemble au mode de fonctionnement historique que les utilisateurs plus anciens ont pu conna\u00eetre avec les CD-Roms, notamment avec la Suite Office. Dans ce cas, l&#8217;utilisateur peut utiliser son logiciel Microsoft comme il le souhaite et aussi longtemps qu&#8217;il le souhaite, mais il ne b\u00e9n\u00e9ficie d&#8217;aucune mise \u00e0 jour pour obtenir la toute derni\u00e8re version d&#8217;une solution. Cette version est \u00e9galement compatible avec les clients \u00e9quip\u00e9s d&#8217;ordinateurs Mac. Les informations de compatibilit\u00e9 de ce type se retrouvent dans les contrats conclus lors de l&#8217;acquisition du produit.<\/span><\/p><p><span style=\"font-weight: 400;\">Les licences d&#8217;abonnement fonctionnent de mani\u00e8re tr\u00e8s diff\u00e9rente. Les utilisateurs s&#8217;engagent \u00e0 payer un abonnement mensuel ou annuel, en fonction de leur choix. Ils ont alors la possibilit\u00e9 de payer pour une ou plusieurs solutions de l&#8217;entreprise, mais ils ne pourront plus y acc\u00e9der d\u00e8s lors qu&#8217;ils ne paient plus le service.<\/span><\/p>\t\t\t\t\t\t<\/div>\n\t\t\t\t<\/div>\n\t\t\t\t<div class=\"elementor-element elementor-element-acd561c elementor-widget elementor-widget-heading\" data-id=\"acd561c\" data-element_type=\"widget\" data-widget_type=\"heading.default\">\n\t\t\t\t<div class=\"elementor-widget-container\">\n\t\t\t<h3 class=\"elementor-heading-title elementor-size-default\">Les avantages d'une licence perp\u00e9tuelle<\/h3>\t\t<\/div>\n\t\t\t\t<\/div>\n\t\t\t\t<div class=\"elementor-element elementor-element-5a1093f elementor-widget elementor-widget-text-editor\" data-id=\"5a1093f\" data-element_type=\"widget\" data-widget_type=\"text-editor.default\">\n\t\t\t\t<div class=\"elementor-widget-container\">\n\t\t\t\t\t\t\t<p><span style=\"font-weight: 400;\">La solution perp\u00e9tuelle peut sembler initialement d\u00e9savantag\u00e9e par rapport \u00e0 une solution d&#8217;abonnement pour Office, mais elle pr\u00e9sente n\u00e9anmoins de nombreux avantages notables. \u00c0 long terme, les solutions perp\u00e9tuelles sont g\u00e9n\u00e9ralement plus \u00e9conomiques que les solutions bas\u00e9es sur un abonnement, car elles ne n\u00e9cessitent pas de paiements r\u00e9currents pour continuer \u00e0 utiliser les logiciels Microsoft.<\/span><\/p><p><span style=\"font-weight: 400;\">En optant pour une licence perp\u00e9tuelle, les utilisateurs b\u00e9n\u00e9ficient d&#8217;un environnement de travail stable qui n&#8217;est pas d\u00e9pendant des futures mises \u00e0 jour du syst\u00e8me d&#8217;exploitation, par exemple, m\u00eame s&#8217;ils ne peuvent pas mettre \u00e0 jour leurs logiciels.<\/span><\/p><p><span style=\"font-weight: 400;\">Ce choix est particuli\u00e8rement recommand\u00e9 pour les particuliers et les entreprises qui n&#8217;ont pas besoin d&#8217;\u00eatre constamment en ligne et qui n&#8217;ont pas n\u00e9cessairement besoin des derni\u00e8res fonctionnalit\u00e9s offertes par les logiciels. La licence perp\u00e9tuelle offre avant tout des avantages en termes de s\u00e9curit\u00e9 et de co\u00fbt, bien que l&#8217;investissement initial soit plus \u00e9lev\u00e9. Toutefois, il convient de noter que la s\u00e9curit\u00e9 peut \u00e9galement \u00eatre mise en danger si une version de logiciel utilis\u00e9e pr\u00e9sente une faille de s\u00e9curit\u00e9.<\/span><\/p>\t\t\t\t\t\t<\/div>\n\t\t\t\t<\/div>\n\t\t\t\t<div class=\"elementor-element elementor-element-adc575f elementor-widget elementor-widget-heading\" data-id=\"adc575f\" data-element_type=\"widget\" data-widget_type=\"heading.default\">\n\t\t\t\t<div class=\"elementor-widget-container\">\n\t\t\t<h3 class=\"elementor-heading-title elementor-size-default\">Les avantages d'une licence abonnement<\/h3>\t\t<\/div>\n\t\t\t\t<\/div>\n\t\t\t\t<div class=\"elementor-element elementor-element-47188dd elementor-widget elementor-widget-text-editor\" data-id=\"47188dd\" data-element_type=\"widget\" data-widget_type=\"text-editor.default\">\n\t\t\t\t<div class=\"elementor-widget-container\">\n\t\t\t\t\t\t\t<p><span style=\"font-weight: 400;\">Les licences bas\u00e9es sur un abonnement sont aujourd&#8217;hui les plus largement utilis\u00e9es. En effet, elles pr\u00e9sentent de nombreux avantages par rapport aux solutions perp\u00e9tuelles. Elles permettent aux organisations d&#8217;acc\u00e9der aux toutes derni\u00e8res versions des applications de la suite Office, ce qui est particuli\u00e8rement pratique pour les utilisateurs qui ont une utilisation intensive de ces outils. Bien s\u00fbr, cela implique que les utilisateurs doivent \u00eatre connect\u00e9s pour b\u00e9n\u00e9ficier des derni\u00e8res mises \u00e0 jour, mais cela offre un avantage consid\u00e9rable en retour.<\/span><\/p><p><span style=\"font-weight: 400;\">Cela facilite grandement la collaboration en ligne sur des documents communs, que ce soit des feuilles de calcul, des documents texte avec Word ou des pr\u00e9sentations avec PowerPoint. De plus, ce syst\u00e8me permet aux utilisateurs de stocker plus facilement leurs fichiers dans le cloud, ce qui est particuli\u00e8rement appr\u00e9ci\u00e9 par les organisations ayant besoin de s\u00e9curiser des donn\u00e9es sensibles et qui veulent \u00e9viter de les perdre en raison d&#8217;une utilisation d&#8217;une mauvaise version, par exemple.<\/span><\/p><p><span style=\"font-weight: 400;\">Enfin, ce mode de gestion permet aux utilisateurs et \u00e0 leurs administrations, dans le cadre d&#8217;une utilisation professionnelle, de travailler dans un environnement bien plus s\u00e9curis\u00e9. En effet, les mises \u00e0 jour constantes des applications contribuent \u00e0 limiter les vuln\u00e9rabilit\u00e9s en mati\u00e8re de s\u00e9curit\u00e9.<\/span><\/p>\t\t\t\t\t\t<\/div>\n\t\t\t\t<\/div>\n\t\t\t\t<div class=\"elementor-element elementor-element-ba38dca elementor-widget elementor-widget-heading\" data-id=\"ba38dca\" data-element_type=\"widget\" data-widget_type=\"heading.default\">\n\t\t\t\t<div class=\"elementor-widget-container\">\n\t\t\t<h3 class=\"elementor-heading-title elementor-size-default\">Quel choix de licence faut-il faire ?<\/h3>\t\t<\/div>\n\t\t\t\t<\/div>\n\t\t\t\t<div class=\"elementor-element elementor-element-9d6b45d elementor-widget elementor-widget-text-editor\" data-id=\"9d6b45d\" data-element_type=\"widget\" data-widget_type=\"text-editor.default\">\n\t\t\t\t<div class=\"elementor-widget-container\">\n\t\t\t\t\t\t\t<p><span style=\"font-weight: 400;\">Il est impossible de d\u00e9terminer avec pr\u00e9cision quel type de solution choisir. En g\u00e9n\u00e9ral, pour un particulier ou une association qui utilise occasionnellement un logiciel Microsoft, il peut \u00eatre plus \u00e9conomique d&#8217;opter pour des abonnements perp\u00e9tuels \u00e0 long terme. Cela leur permettra d&#8217;utiliser le logiciel sans craindre de perdre l&#8217;acc\u00e8s \u00e0 leurs documents apr\u00e8s quelques ann\u00e9es.<\/span><\/p><p><span style=\"font-weight: 400;\">En revanche, pour les entreprises qui utilisent r\u00e9guli\u00e8rement les solutions Microsoft, il est pr\u00e9f\u00e9rable de souscrire directement \u00e0 un abonnement. Bien que le prix puisse \u00eatre assez \u00e9lev\u00e9 pour chaque utilisateur en fonction de l&#8217;offre choisie, cela garantira \u00e0 chacun de pouvoir travailler en toute tranquillit\u00e9. De plus, l&#8217;activation se fait automatiquement apr\u00e8s le paiement du pack.<\/span><\/p>\t\t\t\t\t\t<\/div>\n\t\t\t\t<\/div>\n\t\t\t\t\t<\/div>\n\t\t<\/div>\n\t\t\t\t\t\t\t<\/div>\n\t\t<\/section>\n\t\t\t\t<section class=\"elementor-section elementor-top-section elementor-element elementor-element-1b3946fe elementor-reverse-tablet elementor-section-boxed elementor-section-height-default elementor-section-height-default\" data-id=\"1b3946fe\" data-element_type=\"section\" data-settings=\"{&quot;background_background&quot;:&quot;classic&quot;}\">\n\t\t\t\t\t\t\t<div class=\"elementor-background-overlay\"><\/div>\n\t\t\t\t\t\t\t<div class=\"elementor-container elementor-column-gap-no\">\n\t\t\t\t\t<div class=\"elementor-column elementor-col-100 elementor-top-column elementor-element elementor-element-35ec6aef\" data-id=\"35ec6aef\" data-element_type=\"column\">\n\t\t\t<div class=\"elementor-widget-wrap\">\n\t\t\t\t\t\t\t\t\t<\/div>\n\t\t<\/div>\n\t\t\t\t\t\t\t<\/div>\n\t\t<\/section>\n\t\t\t\t\t\t\t<\/div>\n\t\t","protected":false},"excerpt":{"rendered":"<p>Licence perpetuelle Pendant une longue p\u00e9riode, les entreprises, les particuliers et les \u00e9tablissements scolaires \u00e9taient contraints d&#8217;acqu\u00e9rir physiquement des logiciels aupr\u00e8s de divers fabricants. Parmi eux, Microsoft s&#8217;est impos\u00e9 comme une r\u00e9f\u00e9rence incontournable avec son syst\u00e8me d&#8217;exploitation Windows et ses solutions bureautiques telles qu&#8217;Excel. Ces applications, telles qu&#8217;Office, sont devenues rapidement indispensables pour de nombreux &hellip;<\/p>\n<p class=\"read-more\"> <a class=\"\" href=\"https:\/\/licencemicrosoft.fr\/index.php\/article-licence-perpetuelle\/\"> <span class=\"screen-reader-text\">Article &#8211; Licence Perpetuelle<\/span> Read More &raquo;<\/a><\/p>\n","protected":false},"author":1,"featured_media":0,"parent":0,"menu_order":0,"comment_status":"closed","ping_status":"closed","template":"","meta":{"site-sidebar-layout":"no-sidebar","site-content-layout":"page-builder","ast-global-header-display":"","ast-banner-title-visibility":"","ast-main-header-display":"","ast-hfb-above-header-display":"","ast-hfb-below-header-display":"","ast-hfb-mobile-header-display":"","site-post-title":"disabled","ast-breadcrumbs-content":"","ast-featured-img":"disabled","footer-sml-layout":"","theme-transparent-header-meta":"","adv-header-id-meta":"","stick-header-meta":"","header-above-stick-meta":"","header-main-stick-meta":"","header-below-stick-meta":"","footnotes":""},"class_list":["post-957","page","type-page","status-publish","hentry"],"_links":{"self":[{"href":"https:\/\/licencemicrosoft.fr\/index.php\/wp-json\/wp\/v2\/pages\/957","targetHints":{"allow":["GET"]}}],"collection":[{"href":"https:\/\/licencemicrosoft.fr\/index.php\/wp-json\/wp\/v2\/pages"}],"about":[{"href":"https:\/\/licencemicrosoft.fr\/index.php\/wp-json\/wp\/v2\/types\/page"}],"author":[{"embeddable":true,"href":"https:\/\/licencemicrosoft.fr\/index.php\/wp-json\/wp\/v2\/users\/1"}],"replies":[{"embeddable":true,"href":"https:\/\/licencemicrosoft.fr\/index.php\/wp-json\/wp\/v2\/comments?post=957"}],"version-history":[{"count":3,"href":"https:\/\/licencemicrosoft.fr\/index.php\/wp-json\/wp\/v2\/pages\/957\/revisions"}],"predecessor-version":[{"id":970,"href":"https:\/\/licencemicrosoft.fr\/index.php\/wp-json\/wp\/v2\/pages\/957\/revisions\/970"}],"wp:attachment":[{"href":"https:\/\/licencemicrosoft.fr\/index.php\/wp-json\/wp\/v2\/media?parent=957"}],"curies":[{"name":"wp","href":"https:\/\/api.w.org\/{rel}","templated":true}]}}