{"id":856,"date":"2023-05-12T12:10:14","date_gmt":"2023-05-12T10:10:14","guid":{"rendered":"http:\/\/licencemicrosoft.fr\/?page_id=856"},"modified":"2023-05-15T10:33:46","modified_gmt":"2023-05-15T08:33:46","slug":"engagement","status":"publish","type":"page","link":"https:\/\/licencemicrosoft.fr\/index.php\/engagement\/","title":{"rendered":"Engagements"},"content":{"rendered":"\t\t<div data-elementor-type=\"wp-page\" data-elementor-id=\"856\" class=\"elementor elementor-856\">\n\t\t\t\t\t\t\t\t\t<section class=\"elementor-section elementor-top-section elementor-element elementor-element-7c1e5cbc elementor-section-height-min-height elementor-section-boxed elementor-section-height-default elementor-section-items-middle\" data-id=\"7c1e5cbc\" data-element_type=\"section\" data-settings=\"{&quot;background_background&quot;:&quot;classic&quot;}\">\n\t\t\t\t\t\t\t<div class=\"elementor-background-overlay\"><\/div>\n\t\t\t\t\t\t\t<div class=\"elementor-container elementor-column-gap-default\">\n\t\t\t\t\t<div class=\"elementor-column elementor-col-100 elementor-top-column elementor-element elementor-element-502d9970\" data-id=\"502d9970\" data-element_type=\"column\">\n\t\t\t<div class=\"elementor-widget-wrap elementor-element-populated\">\n\t\t\t\t\t\t\t\t<div class=\"elementor-element elementor-element-a68e05e elementor-widget elementor-widget-heading\" data-id=\"a68e05e\" data-element_type=\"widget\" data-widget_type=\"heading.default\">\n\t\t\t\t<div class=\"elementor-widget-container\">\n\t\t\t<style>\/*! elementor - v3.13.1 - 09-05-2023 *\/\n.elementor-heading-title{padding:0;margin:0;line-height:1}.elementor-widget-heading .elementor-heading-title[class*=elementor-size-]>a{color:inherit;font-size:inherit;line-height:inherit}.elementor-widget-heading .elementor-heading-title.elementor-size-small{font-size:15px}.elementor-widget-heading .elementor-heading-title.elementor-size-medium{font-size:19px}.elementor-widget-heading .elementor-heading-title.elementor-size-large{font-size:29px}.elementor-widget-heading .elementor-heading-title.elementor-size-xl{font-size:39px}.elementor-widget-heading .elementor-heading-title.elementor-size-xxl{font-size:59px}<\/style><h1 class=\"elementor-heading-title elementor-size-default\">Engagements<\/h1>\t\t<\/div>\n\t\t\t\t<\/div>\n\t\t\t\t<div class=\"elementor-element elementor-element-6a8a71ee elementor-widget elementor-widget-heading\" data-id=\"6a8a71ee\" data-element_type=\"widget\" data-widget_type=\"heading.default\">\n\t\t\t\t<div class=\"elementor-widget-container\">\n\t\t\t<p class=\"elementor-heading-title elementor-size-default\">D\u00e9couvrez comment Microsoft s'est engag\u00e9 \u00e0 fournir des produits, services et technologies de mani\u00e8re responsable et \u00e0 contribuer positivement \u00e0 la soci\u00e9t\u00e9. <\/p>\t\t<\/div>\n\t\t\t\t<\/div>\n\t\t\t\t\t<\/div>\n\t\t<\/div>\n\t\t\t\t\t\t\t<\/div>\n\t\t<\/section>\n\t\t\t\t<section class=\"elementor-section elementor-top-section elementor-element elementor-element-6716f020 elementor-section-boxed elementor-section-height-default elementor-section-height-default\" data-id=\"6716f020\" data-element_type=\"section\" data-settings=\"{&quot;background_background&quot;:&quot;classic&quot;}\">\n\t\t\t\t\t\t<div class=\"elementor-container elementor-column-gap-default\">\n\t\t\t\t\t<div class=\"elementor-column elementor-col-100 elementor-top-column elementor-element elementor-element-2338624a\" data-id=\"2338624a\" data-element_type=\"column\">\n\t\t\t<div class=\"elementor-widget-wrap elementor-element-populated\">\n\t\t\t\t\t\t\t\t<section class=\"elementor-section elementor-inner-section elementor-element elementor-element-7cc55 elementor-section-boxed elementor-section-height-default elementor-section-height-default\" data-id=\"7cc55\" data-element_type=\"section\">\n\t\t\t\t\t\t<div class=\"elementor-container elementor-column-gap-default\">\n\t\t\t\t\t<div class=\"elementor-column elementor-col-50 elementor-inner-column elementor-element elementor-element-610654c9\" data-id=\"610654c9\" data-element_type=\"column\">\n\t\t\t<div class=\"elementor-widget-wrap elementor-element-populated\">\n\t\t\t\t\t\t\t\t<div class=\"elementor-element elementor-element-3647a0e3 elementor-invisible elementor-widget elementor-widget-heading\" data-id=\"3647a0e3\" data-element_type=\"widget\" data-settings=\"{&quot;_animation&quot;:&quot;fadeInUp&quot;}\" data-widget_type=\"heading.default\">\n\t\t\t\t<div class=\"elementor-widget-container\">\n\t\t\t<h4 class=\"elementor-heading-title elementor-size-default\">Microsoft est une entreprise multinationale qui s'est engag\u00e9e \u00e0 adopter des pratiques commerciales responsables et \u00e0 cr\u00e9er un impact positif sur la soci\u00e9t\u00e9. Dans cet article, nous allons explorer les engagements de Microsoft en mati\u00e8re de durabilit\u00e9, d'inclusion, de diversit\u00e9 et d'\u00e9thique allant de son plan ambitieux pour atteindre la neutralit\u00e9 carbone en 2030 \u00e0 sa politique d'inclusion et de diversit\u00e9..<\/h4>\t\t<\/div>\n\t\t\t\t<\/div>\n\t\t\t\t<div class=\"elementor-element elementor-element-c741e82 elementor-widget elementor-widget-image\" data-id=\"c741e82\" data-element_type=\"widget\" data-widget_type=\"image.default\">\n\t\t\t\t<div class=\"elementor-widget-container\">\n\t\t\t<style>\/*! elementor - v3.13.1 - 09-05-2023 *\/\n.elementor-widget-image{text-align:center}.elementor-widget-image a{display:inline-block}.elementor-widget-image a img[src$=\".svg\"]{width:48px}.elementor-widget-image img{vertical-align:middle;display:inline-block}<\/style>\t\t\t\t\t\t\t\t\t\t\t\t<img loading=\"lazy\" decoding=\"async\" width=\"474\" height=\"296\" src=\"https:\/\/licencemicrosoft.fr\/wp-content\/uploads\/2023\/05\/th-9.jpg\" class=\"attachment-full size-full wp-image-909\" alt=\"\" srcset=\"https:\/\/licencemicrosoft.fr\/wp-content\/uploads\/2023\/05\/th-9.jpg 474w, https:\/\/licencemicrosoft.fr\/wp-content\/uploads\/2023\/05\/th-9-300x187.jpg 300w\" sizes=\"auto, (max-width: 474px) 100vw, 474px\" \/>\t\t\t\t\t\t\t\t\t\t\t\t\t\t\t<\/div>\n\t\t\t\t<\/div>\n\t\t\t\t<div class=\"elementor-element elementor-element-32bf434 elementor-widget elementor-widget-heading\" data-id=\"32bf434\" data-element_type=\"widget\" data-widget_type=\"heading.default\">\n\t\t\t\t<div class=\"elementor-widget-container\">\n\t\t\t<h3 class=\"elementor-heading-title elementor-size-default\">Microsoft et la durabilit\u00e9 : une vision pour 2030<\/h3>\t\t<\/div>\n\t\t\t\t<\/div>\n\t\t\t\t<div class=\"elementor-element elementor-element-f8b525c elementor-widget elementor-widget-text-editor\" data-id=\"f8b525c\" data-element_type=\"widget\" data-widget_type=\"text-editor.default\">\n\t\t\t\t<div class=\"elementor-widget-container\">\n\t\t\t<style>\/*! elementor - v3.13.1 - 09-05-2023 *\/\n.elementor-widget-text-editor.elementor-drop-cap-view-stacked .elementor-drop-cap{background-color:#69727d;color:#fff}.elementor-widget-text-editor.elementor-drop-cap-view-framed .elementor-drop-cap{color:#69727d;border:3px solid;background-color:transparent}.elementor-widget-text-editor:not(.elementor-drop-cap-view-default) .elementor-drop-cap{margin-top:8px}.elementor-widget-text-editor:not(.elementor-drop-cap-view-default) .elementor-drop-cap-letter{width:1em;height:1em}.elementor-widget-text-editor .elementor-drop-cap{float:left;text-align:center;line-height:1;font-size:50px}.elementor-widget-text-editor .elementor-drop-cap-letter{display:inline-block}<\/style>\t\t\t\t<p>La durabilit\u00e9 est au c\u0153ur de la mission de Microsoft. L&#8217;entreprise s&#8217;est fix\u00e9 comme objectif d&#8217;atteindre la neutralit\u00e9 carbone d&#8217;ici 2030. Pour y parvenir, Microsoft d\u00e9ploie des strat\u00e9gies ambitieuses, notamment l&#8217;utilisation d&#8217;\u00e9nergies renouvelables pour alimenter ses centres de donn\u00e9es et ses op\u00e9rations. De plus, Microsoft a mis en place un programme de compensation du carbone pour aider ses clients \u00e0 r\u00e9duire leur propre empreinte carbone. Ces initiatives t\u00e9moignent de l&#8217;engagement actif de Microsoft dans la lutte contre le changement climatique.<\/p>\t\t\t\t\t\t<\/div>\n\t\t\t\t<\/div>\n\t\t\t\t<div class=\"elementor-element elementor-element-2e8bb7e elementor-widget elementor-widget-heading\" data-id=\"2e8bb7e\" data-element_type=\"widget\" data-widget_type=\"heading.default\">\n\t\t\t\t<div class=\"elementor-widget-container\">\n\t\t\t<h3 class=\"elementor-heading-title elementor-size-default\">Diversit\u00e9 et inclusion : une culture inclusive pour tous<\/h3>\t\t<\/div>\n\t\t\t\t<\/div>\n\t\t\t\t\t<\/div>\n\t\t<\/div>\n\t\t\t\t<div class=\"elementor-column elementor-col-50 elementor-inner-column elementor-element elementor-element-7a57a96\" data-id=\"7a57a96\" data-element_type=\"column\">\n\t\t\t<div class=\"elementor-widget-wrap elementor-element-populated\">\n\t\t\t\t\t\t\t\t<div class=\"elementor-element elementor-element-5c745820 elementor-widget__width-initial elementor-widget-divider--view-line elementor-invisible elementor-widget elementor-widget-divider\" data-id=\"5c745820\" data-element_type=\"widget\" data-settings=\"{&quot;_animation&quot;:&quot;flash&quot;}\" data-widget_type=\"divider.default\">\n\t\t\t\t<div class=\"elementor-widget-container\">\n\t\t\t<style>\/*! elementor - v3.13.1 - 09-05-2023 *\/\n.elementor-widget-divider{--divider-border-style:none;--divider-border-width:1px;--divider-color:#0c0d0e;--divider-icon-size:20px;--divider-element-spacing:10px;--divider-pattern-height:24px;--divider-pattern-size:20px;--divider-pattern-url:none;--divider-pattern-repeat:repeat-x}.elementor-widget-divider .elementor-divider{display:flex}.elementor-widget-divider .elementor-divider__text{font-size:15px;line-height:1;max-width:95%}.elementor-widget-divider .elementor-divider__element{margin:0 var(--divider-element-spacing);flex-shrink:0}.elementor-widget-divider .elementor-icon{font-size:var(--divider-icon-size)}.elementor-widget-divider .elementor-divider-separator{display:flex;margin:0;direction:ltr}.elementor-widget-divider--view-line_icon .elementor-divider-separator,.elementor-widget-divider--view-line_text .elementor-divider-separator{align-items:center}.elementor-widget-divider--view-line_icon .elementor-divider-separator:after,.elementor-widget-divider--view-line_icon .elementor-divider-separator:before,.elementor-widget-divider--view-line_text .elementor-divider-separator:after,.elementor-widget-divider--view-line_text .elementor-divider-separator:before{display:block;content:\"\";border-bottom:0;flex-grow:1;border-top:var(--divider-border-width) var(--divider-border-style) var(--divider-color)}.elementor-widget-divider--element-align-left .elementor-divider .elementor-divider-separator>.elementor-divider__svg:first-of-type{flex-grow:0;flex-shrink:100}.elementor-widget-divider--element-align-left .elementor-divider-separator:before{content:none}.elementor-widget-divider--element-align-left .elementor-divider__element{margin-left:0}.elementor-widget-divider--element-align-right .elementor-divider .elementor-divider-separator>.elementor-divider__svg:last-of-type{flex-grow:0;flex-shrink:100}.elementor-widget-divider--element-align-right .elementor-divider-separator:after{content:none}.elementor-widget-divider--element-align-right .elementor-divider__element{margin-right:0}.elementor-widget-divider:not(.elementor-widget-divider--view-line_text):not(.elementor-widget-divider--view-line_icon) .elementor-divider-separator{border-top:var(--divider-border-width) var(--divider-border-style) var(--divider-color)}.elementor-widget-divider--separator-type-pattern{--divider-border-style:none}.elementor-widget-divider--separator-type-pattern.elementor-widget-divider--view-line .elementor-divider-separator,.elementor-widget-divider--separator-type-pattern:not(.elementor-widget-divider--view-line) .elementor-divider-separator:after,.elementor-widget-divider--separator-type-pattern:not(.elementor-widget-divider--view-line) .elementor-divider-separator:before,.elementor-widget-divider--separator-type-pattern:not([class*=elementor-widget-divider--view]) .elementor-divider-separator{width:100%;min-height:var(--divider-pattern-height);-webkit-mask-size:var(--divider-pattern-size) 100%;mask-size:var(--divider-pattern-size) 100%;-webkit-mask-repeat:var(--divider-pattern-repeat);mask-repeat:var(--divider-pattern-repeat);background-color:var(--divider-color);-webkit-mask-image:var(--divider-pattern-url);mask-image:var(--divider-pattern-url)}.elementor-widget-divider--no-spacing{--divider-pattern-size:auto}.elementor-widget-divider--bg-round{--divider-pattern-repeat:round}.rtl .elementor-widget-divider .elementor-divider__text{direction:rtl}.e-con-inner>.elementor-widget-divider,.e-con>.elementor-widget-divider{width:var(--container-widget-width,100%);--flex-grow:var(--container-widget-flex-grow)}<\/style>\t\t<div class=\"elementor-divider\">\n\t\t\t<span class=\"elementor-divider-separator\">\n\t\t\t\t\t\t<\/span>\n\t\t<\/div>\n\t\t\t\t<\/div>\n\t\t\t\t<\/div>\n\t\t\t\t\t<\/div>\n\t\t<\/div>\n\t\t\t\t\t\t\t<\/div>\n\t\t<\/section>\n\t\t\t\t<div class=\"elementor-element elementor-element-a249775 elementor-widget elementor-widget-text-editor\" data-id=\"a249775\" data-element_type=\"widget\" data-widget_type=\"text-editor.default\">\n\t\t\t\t<div class=\"elementor-widget-container\">\n\t\t\t\t\t\t\t<p>Chez Microsoft, la diversit\u00e9 et l&#8217;inclusion sont des valeurs fondamentales. L&#8217;entreprise s&#8217;engage \u00e0 cr\u00e9er une culture inclusive o\u00f9 chaque employ\u00e9 est valoris\u00e9 et respect\u00e9. Microsoft a fix\u00e9 un objectif clair : atteindre un \u00e9quilibre entre les genres au sein de sa main-d&#8217;\u0153uvre d&#8217;ici 2025, d\u00e9montrant ainsi son engagement en faveur de la diversit\u00e9. En recrutant des talents de toutes origines ethniques et culturelles, Microsoft cr\u00e9e un environnement de travail o\u00f9 chacun se sent inclus et appr\u00e9ci\u00e9.<\/p>\t\t\t\t\t\t<\/div>\n\t\t\t\t<\/div>\n\t\t\t\t<div class=\"elementor-element elementor-element-86bb7f4 elementor-widget elementor-widget-heading\" data-id=\"86bb7f4\" data-element_type=\"widget\" data-widget_type=\"heading.default\">\n\t\t\t\t<div class=\"elementor-widget-container\">\n\t\t\t<h3 class=\"elementor-heading-title elementor-size-default\">\u00c9thique et int\u00e9grit\u00e9 : des valeurs essentielles pour Microsoft\n\n<\/h3>\t\t<\/div>\n\t\t\t\t<\/div>\n\t\t\t\t<div class=\"elementor-element elementor-element-8180a25 elementor-widget elementor-widget-text-editor\" data-id=\"8180a25\" data-element_type=\"widget\" data-widget_type=\"text-editor.default\">\n\t\t\t\t<div class=\"elementor-widget-container\">\n\t\t\t\t\t\t\t<p>L&#8217;\u00e9thique et l&#8217;int\u00e9grit\u00e9 sont au c\u0153ur des op\u00e9rations de Microsoft. L&#8217;entreprise s&#8217;engage \u00e0 respecter les droits de l&#8217;homme et \u00e0 lutter contre la corruption. Elle a adopt\u00e9 une politique de tol\u00e9rance z\u00e9ro en mati\u00e8re de corruption et veille \u00e0 ce que ses fournisseurs respectent les normes \u00e9thiques les plus \u00e9lev\u00e9es. Microsoft a \u00e9galement cr\u00e9\u00e9 un comit\u00e9 consultatif d&#8217;\u00e9thique de l&#8217;IA afin de garantir que ses produits et services bas\u00e9s sur l&#8217;intelligence artificielle respectent les normes \u00e9thiques.<\/p>\t\t\t\t\t\t<\/div>\n\t\t\t\t<\/div>\n\t\t\t\t<div class=\"elementor-element elementor-element-3f3ffa1 elementor-widget elementor-widget-heading\" data-id=\"3f3ffa1\" data-element_type=\"widget\" data-widget_type=\"heading.default\">\n\t\t\t\t<div class=\"elementor-widget-container\">\n\t\t\t<h3 class=\"elementor-heading-title elementor-size-default\">Pour conclure, \n\n<\/h3>\t\t<\/div>\n\t\t\t\t<\/div>\n\t\t\t\t<div class=\"elementor-element elementor-element-a4654a1 elementor-widget elementor-widget-text-editor\" data-id=\"a4654a1\" data-element_type=\"widget\" data-widget_type=\"text-editor.default\">\n\t\t\t\t<div class=\"elementor-widget-container\">\n\t\t\t\t\t\t\t<p>En tant que consommateur, il est crucial de choisir une entreprise technologique engag\u00e9e dans des actions b\u00e9n\u00e9fiques. Microsoft, avec ses engagements en mati\u00e8re de durabilit\u00e9, d&#8217;inclusion, de diversit\u00e9 et d&#8217;\u00e9thique, est une entreprise responsable, soucieuse de son impact sur la soci\u00e9t\u00e9 et l&#8217;environnement. Si vous recherchez des solutions informatiques \u00e9thiques et durables pour votre entreprise, Microsoft est une option \u00e0 consid\u00e9rer. Sa vision va au-del\u00e0 de la simple fourniture de produits technologiques de qualit\u00e9 : elle vise \u00e0 cr\u00e9er un impact positif sur la soci\u00e9t\u00e9 et \u00e0 fa\u00e7onner un avenir meilleur pour tous.<\/p>\t\t\t\t\t\t<\/div>\n\t\t\t\t<\/div>\n\t\t\t\t\t<\/div>\n\t\t<\/div>\n\t\t\t\t\t\t\t<\/div>\n\t\t<\/section>\n\t\t\t\t\t\t\t<\/div>\n\t\t","protected":false},"excerpt":{"rendered":"<p>Engagements D\u00e9couvrez comment Microsoft s&#8217;est engag\u00e9 \u00e0 fournir des produits, services et technologies de mani\u00e8re responsable et \u00e0 contribuer positivement \u00e0 la soci\u00e9t\u00e9. Microsoft est une entreprise multinationale qui s&#8217;est engag\u00e9e \u00e0 adopter des pratiques commerciales responsables et \u00e0 cr\u00e9er un impact positif sur la soci\u00e9t\u00e9. Dans cet article, nous allons explorer les engagements de &hellip;<\/p>\n<p class=\"read-more\"> <a class=\"\" href=\"https:\/\/licencemicrosoft.fr\/index.php\/engagement\/\"> <span class=\"screen-reader-text\">Engagements<\/span> Read More &raquo;<\/a><\/p>\n","protected":false},"author":1,"featured_media":0,"parent":0,"menu_order":0,"comment_status":"closed","ping_status":"closed","template":"","meta":{"site-sidebar-layout":"no-sidebar","site-content-layout":"page-builder","ast-global-header-display":"","ast-banner-title-visibility":"","ast-main-header-display":"","ast-hfb-above-header-display":"","ast-hfb-below-header-display":"","ast-hfb-mobile-header-display":"","site-post-title":"disabled","ast-breadcrumbs-content":"","ast-featured-img":"disabled","footer-sml-layout":"","theme-transparent-header-meta":"","adv-header-id-meta":"","stick-header-meta":"","header-above-stick-meta":"","header-main-stick-meta":"","header-below-stick-meta":"","footnotes":""},"class_list":["post-856","page","type-page","status-publish","hentry"],"_links":{"self":[{"href":"https:\/\/licencemicrosoft.fr\/index.php\/wp-json\/wp\/v2\/pages\/856","targetHints":{"allow":["GET"]}}],"collection":[{"href":"https:\/\/licencemicrosoft.fr\/index.php\/wp-json\/wp\/v2\/pages"}],"about":[{"href":"https:\/\/licencemicrosoft.fr\/index.php\/wp-json\/wp\/v2\/types\/page"}],"author":[{"embeddable":true,"href":"https:\/\/licencemicrosoft.fr\/index.php\/wp-json\/wp\/v2\/users\/1"}],"replies":[{"embeddable":true,"href":"https:\/\/licencemicrosoft.fr\/index.php\/wp-json\/wp\/v2\/comments?post=856"}],"version-history":[{"count":25,"href":"https:\/\/licencemicrosoft.fr\/index.php\/wp-json\/wp\/v2\/pages\/856\/revisions"}],"predecessor-version":[{"id":924,"href":"https:\/\/licencemicrosoft.fr\/index.php\/wp-json\/wp\/v2\/pages\/856\/revisions\/924"}],"wp:attachment":[{"href":"https:\/\/licencemicrosoft.fr\/index.php\/wp-json\/wp\/v2\/media?parent=856"}],"curies":[{"name":"wp","href":"https:\/\/api.w.org\/{rel}","templated":true}]}}